{"id":221,"date":"2020-04-05T16:24:05","date_gmt":"2020-04-05T16:24:05","guid":{"rendered":"https:\/\/www.experienceamalficoast.com\/?page_id=221"},"modified":"2023-03-18T17:57:35","modified_gmt":"2023-03-18T16:57:35","slug":"termini-e-condizioni","status":"publish","type":"page","link":"https:\/\/experience.amalfiweb.com\/it\/termini-e-condizioni\/","title":{"rendered":"Termini e condizioni"},"content":{"rendered":"<div class=\"wpb-content-wrapper\"><p>[vc_row][vc_column][vc_column_text]<\/p>\n<h2>Termini e condizioni<\/h2>\n<p>Si prega di rivedere i seguenti termini di servizio (i &#8220;Termini di servizio&#8221;), che regoleranno la registrazione e l&#8217;utilizzo del sito web Experience Amalfi Coast www.experienceamalficoast.com (il &#8220;Sito&#8221;), inclusi tutti i contenuti e servizi forniti da Experience Amalfi Coast (&#8220;Experience Amalfi Coast&#8221;, &#8220;noi&#8221;, &#8220;noi&#8221; o &#8220;nostro&#8221;) sul o in congiunzione con il Sito, inclusa, a titolo esemplificativo, la prenotazione dei nostri servizi (i &#8220;Servizi&#8221;).<br \/>\nAccedendo o utilizzando il Sito, l&#8217;utente accetta di essere vincolato dai presenti Termini di servizio, nonch\u00e9 dai termini dell&#8217;Informativa sulla privacy, che \u00e8 disponibile sul Sito.<br \/>\nCi riserviamo il diritto, a nostra esclusiva discrezione, di cambiare o modificare parti di questi Termini di servizio in qualsiasi momento. In tal caso, pubblicheremo le modifiche in questa pagina.<\/p>\n<p><span style=\"font-weight: bold;\"> Accesso e registrazione al sito<\/span><br \/>\nCon la presente concediamo il permesso di utilizzare il Sito come stabilito nei presenti Termini di servizio a condizione che: l&#8217;uso del Sito sia esclusivamente per uso personale; non copierai o distribuirai alcuna parte del Sito su alcun supporto senza la previa autorizzazione scritta da \u201cExperience Amalfi Coast\u201d; l&#8217;utente si impegna a non adottare nessuna azione atta ad alterare o modificare alcuna parte del Sito ma solo quelle che potrebbero essere ragionevolmente necessarie per utilizzare il Sito per lo scopo previsto; ed in ogni caso rispettando questi Termini di servizio.<br \/>\nL\u2019utente al Sito accetta di non: intraprendere qualsiasi azione che imponga un carico irragionevole sull&#8217;infrastruttura del Sito; utilizzare qualsiasi dispositivo, software o routine per interferire o tentare di interferire con il corretto funzionamento del Sito o qualsiasi attivit\u00e0 condotta sul Sito; tentare di decifrare, decompilare, disassemblare o decodificare uno qualsiasi dei software comprendenti o costituenti il \u200b\u200bSito; eliminare o alterare qualsiasi materiale che noi o qualsiasi altra persona o entit\u00e0 pubblichiamo sul Sito; o altrimenti intraprendere qualsiasi azione in violazione delle nostre linee guida e politiche.<br \/>\n\u00c8 possibile registrarsi per un account sul sito (un &#8220;account&#8221;). Per utilizzare determinate parti del sito, non \u00e8 necessario registrarsi per un account. Tuttavia, ci sono funzionalit\u00e0 del sito, come l&#8217;accesso alla cronologia degli ordini, che richiedono la registrazione di un account.<br \/>\nSei il solo responsabile dell&#8217;attivit\u00e0 che si verifica sul tuo Account e della sicurezza della password del tuo Account. Non \u00e8 consentito utilizzare l&#8217;account di un&#8217;altra persona o le informazioni di registrazione per il sito senza il permesso di quella persona titolare.<\/p>\n<p><span style=\"font-weight: bold;\"> Prenotazioni e pagamenti<\/span><br \/>\nPrenotando i Servizi attraverso il Sito, l&#8217;utente dichiara di accettare questi Termini di servizio e la nostra Informativa sulla privacy. Inoltre, garantisci di avere 18 anni o pi\u00f9, di possedere l&#8217;autorit\u00e0 legale per entrare in questi Termini di servizio, utilizzare questo sito e, prenotare i servizi o acquistare beni e che tutte le informazioni fornite sono e saranno veritiere e accurate. Accetti inoltre di utilizzare la funzionalit\u00e0 di prenotazione di questo sito per effettuare solo prenotazioni legittime per te o altri per i quali sei legalmente autorizzato ad agire.<br \/>\nAccetti di fornire informazioni di pagamento accurate e aggiornate al momento della prenotazione. Per la tua protezione, il nostro processore di pagamento utilizza vari protocolli di prevenzione delle frodi e sistemi di verifica standard del settore per ridurre le frodi.<br \/>\nTieni presente che \u00e8 possibile che l&#8217;emittente della tua carta possa addebitare una commissione di gestione online o una commissione di elaborazione.<br \/>\nServizi di durata inferiore a 24 ore:<br \/>\nPer alcuni Servizi di durata inferiore a 24 ore \u00e8 possibile pagare inizialmente solo un deposito per finalizzare la prenotazione. Il saldo verr\u00e0 richiesto da noi, a nostra discrezione, tramite un secondo pagamento online o pagamento di persona prima dell&#8217;inizio del Servizio.<br \/>\nPer altri Servizi di durata inferiore a 24 ore, il pagamento dell&#8217;intero ammontare verr\u00e0 richiesto al momento della prenotazione.<br \/>\nI servizi di gruppo (attivit\u00e0, escursioni condivide dal tuo gruppo con altri partecipanti) di solito richiedono un numero minimo di partecipanti per essere eseguiti. Il pagamento e la conferma della prenotazione saranno finalizzati al raggiungimento del numero minimo di partecipanti e comunque non oltre 24 ore prima dell&#8217;inizio del Servizio.<\/p>\n<p>Per i Programmi pi\u00f9 giorni (con durata superiore a 24 ore):\u00a0si applicano termini e condizioni diversi. Contattaci qui info@experienceamalficoast.com per ulteriori informazioni.<\/p>\n<p><span style=\"font-weight: bold;\"> Modifiche e cancellazione da parte dell\u2019utente<\/span><br \/>\nE\u2019 possibile annullare la prenotazione per Attivit\u00e0 Tour ed Escursioni con durata inferiore a 24 ore, fino a 72 ore prima della data di servizio e ricevere il rimborso del 100%, al netto di eventuali commissioni irrecuperabili per elaborare il pagamento. Dopo questo termine, non verr\u00e0 emesso alcun rimborso.<br \/>\nPrenotando un tour confermi di essere a conoscenza della sua politica di cancellazione \/ modifica. In caso di annullamento, si prega di contattarci via e-mail a: info@experienceamalficoast.com.<br \/>\nI tour e i servizi forniti sul Sito vengono solitamente eseguiti anche in caso di pioggia, tuttavia potrebbero esserci variazioni per adattarsi al tempo. Non presentarsi all\u2019inizio del tour viene considerata come cancellazione dell&#8217;ultimo minuto e non verr\u00e0 emesso alcun rimborso. Quando i tour vengono annullati dalla nostra agenzia per maltempo, a causa di forza maggiore o per qualsiasi altro motivo, effettueremo il rimborso completo.<br \/>\nSe si desidera apportare modifiche ad una prenotazione di Servizi di durata inferiore a 24, \u00e8 necessario richiedere tali modifiche il prima possibile e non oltre 72 ore prima della data e dell&#8217;ora della prenotazione. Nonostante tenteremo di soddisfare la tua richiesta di modifica, non possiamo garantire che saremo in grado di farlo. Se non possiamo, avrai la possibilit\u00e0 di mantenere la prenotazione esistente o di cancellare come indicato nelle sezioni di sopra. Qualsiasi modifica \u00e8 soggetta a disponibilit\u00e0 e ad eventuali modifiche e spese amministrative.<\/p>\n<p>Per i Programmi pi\u00f9 giorni (con durata superiore a 24 ore):\u00a0si applicano termini e condizioni diversi. Contattaci qui info@experienceamalficoast.com per ulteriori informazioni.<\/p>\n<p><span style=\"font-weight: bold;\"> Modifiche e cancellazioni da parte nostra<\/span><br \/>\nFaremo ogni ragionevole sforzo per fornire i Servizi in conformit\u00e0 con le descrizioni fornite sul nostro Sito. Sebbene sia improbabile che dovremo apportare modifiche alla prenotazione o cancellare le prenotazioni confermate, ci riserviamo il diritto di farlo qualora fosse necessario o consigliabile. Se cancelliamo la prenotazione, forniremo un rimborso completo, al netto di eventuali commissioni irrecuperabili per elaborare il pagamento<br \/>\n\u201cExperience Amalfi Coast\u201d si riserva il diritto di modificare itinerari e \/ o orari a causa di forze stringenti e non \u00e8 responsabile per la chiusura imprevista di musei e siti archeologici. \u201cExperience Amalfi Coast\u201d non \u00e8 responsabile per ritardi, scioperi, irregolarit\u00e0 nel traffico cittadino o qualsiasi altro tipo di danno causato da terzi.<br \/>\nSi prega di notare che alcuni dei Servizi richiedono un numero minimo di partecipanti. Se viene annullato perch\u00e9 il minimo non \u00e8 stato raggiunto, ti verr\u00e0 offerta una data \/ esperienza diversa o un rimborso completo, a tua scelta. Ti informeremo della cancellazione per questo motivo entro e non oltre 24 ore prima della data della prenotazione.<br \/>\nSe il deposito e\/o il saldo non vengono pagati in tempo, annulleremo l&#8217;organizzazione del viaggio.<\/p>\n<p><span style=\"font-weight: bold;\"> Condizioni mediche, disabilit\u00e0 e salute generale<\/span><br \/>\nSe effettui una prenotazione per un Servizio, assumeremo che tu non abbia condizioni mediche, disabilit\u00e0, problemi di salute generali o problemi di cibo o allergie (&#8220;Condizioni mediche&#8221;) che potrebbero impedire o ostacolare la tua partecipazione ai Servizi. Nel caso in cui tu abbia effettivamente delle Condizioni mediche, tenteremo di trattare tali Condizioni mediche quando possibile e ragionevole farlo, tuttavia, non garantiamo che noi o la sede dove la condizione medica si verificasse, saranno in grado di farlo. Nel caso in cui non sia possibile partecipare ai Servizi a causa di condizioni mediche non divulgate, possiamo, a nostra esclusiva discrezione, offrire un Servizio sostitutivo o cancellare la prenotazione senza rimborso.<br \/>\n\u00c8 fondamentale che al momento della prenotazione ci vengano comunicate eventuali allergie, intolleranze alimentari o particolari esigenze alimentari di tutti i partecipanti. \u00c8 esclusiva responsabilit\u00e0 di ogni partecipante prendersi cura delle proprie esigenze dietetiche. Fatto salvo quanto sopra, Experience Amalfi Coast cercher\u00e0 di soddisfare richieste alimentari speciali ma non sar\u00e0 responsabile per allergie alimentari, esigenze dietetiche o restrizioni. Se un partecipante ha un&#8217;allergia alimentare, si prega di avvisare, sebbene non possiamo fornire alcuna garanzia per cambiamenti o modifiche ai pasti per soddisfare allergie o antipatie. Se un partecipante ha un&#8217;allergia alimentare potenzialmente letale, consigliamo loro di non prenotare i nostri Servizi. Se un partecipante sceglie di prenotare i nostri Servizi, si assume i rischi associati alle proprie allergie alimentari e a qualsiasi evento medico o sanitario avverso associato a tali allergie e intolleranze.<br \/>\nTi preghiamo di contattarci non sei sicuro di poter partecipare ad determinato Servizio.<\/p>\n<p><span style=\"font-weight: bold;\"> Partecipazione al viaggio e condotta<\/span><br \/>\nUn&#8217;assicurazione di viaggio adeguata e valida per l&#8217;itinerario prescelto \u00e8 obbligatoria per tutti i viaggiatori. Ti consigliamo di stipulare un&#8217;assicurazione non appena la tua prenotazione \u00e8 confermata.<br \/>\nPartecipando ai nostri Servizi accetti la responsabilit\u00e0 di assicurare un corretto comportamento personale e di tutti gli altri membri del tuo gruppo. Ci riserviamo il diritto, a nostra ragionevole discrezione, di terminare il tuo tour o quello di qualsiasi membro del tuo gruppo la cui condotta \u00e8 ritenuta dalle nostre guide di disturbo o dannosa per il godimento del Servizio da parte di altri partecipanti o la cui condotta pu\u00f2 pregiudicare la nostra reputazione, il tutto a nostra esclusiva discrezione. In tal caso non avremo ulteriori responsabilit\u00e0 nei tuoi confronti. Nessun rimborso o pagamento di eventuali costi da te sostenuti verr\u00e0 effettuato da noi in queste circostanze.<\/p>\n<p><span style=\"font-weight: bold;\"> Siti di terzi<\/span><br \/>\nIl Sito pu\u00f2 contenere collegamenti a siti Web, servizi o altre risorse di terzi su Internet (&#8220;Siti esterni&#8221;). Questi collegamenti sono forniti esclusivamente per comodit\u00e0 dell&#8217;utente e non come approvazione da parte nostra del contenuto di tali siti esterni. Il contenuto di tali siti esterni \u00e8 sviluppato e fornito da altri.<\/p>\n<p><span style=\"font-weight: bold;\"> Recensioni, commenti, comunicazioni e altri contenuti<\/span><br \/>\n\u00c8 possibile pubblicare recensioni, commenti, foto, video e altri contenuti (&#8220;Contenuto dell&#8217;utente&#8221;) sul Sito, purch\u00e9 si rappresenti e garantisca che il contenuto non \u00e8 illegale, osceno, minaccioso, diffamatorio, invasivo della privacy, che viola diritti di propriet\u00e0 intellettuale (compresi i diritti di pubblicit\u00e0), o comunque dannosi per terzi o discutibili, e non consistono in o contengono virus software, campagne politiche, sollecitazioni commerciali, lettere a catena, mailing di massa o qualsiasi forma di &#8220;spam&#8221; o messaggi elettronici commerciali indesiderati.<br \/>\nSe pubblichi contenuti o invii materiale, concedi a \u201cExperience Amalfi Coast\u201d un diritto non esclusivo, esente da royalty, perpetuo, irrevocabile e pienamente concedibile in licenza di utilizzare, riprodurre, modificare, adattare, pubblicare, eseguire, tradurre, creare opere derivate, distribuire e visualizzare tali contenuti in tutto il mondo su qualsiasi supporto. Concedi a noi e ai suoi sub-licenziatari il diritto di utilizzare il nome che invii in relazione a tali contenuti, se decidiamo di farlo a nostra discrezione. Dichiari e garantisci di possedere o altrimenti controllare tutti i diritti sui contenuti che pubblichi.<\/p>\n<p><span style=\"font-weight: bold;\"> Diritti di propriet\u00e0 intellettuale<\/span><br \/>\nTutte le informazioni e i contenuti disponibili sul Sito e il suo &#8220;aspetto grafico&#8221;, ad eccezione di tutti i Contenuti dell&#8217;utente, inclusi, a titolo esemplificativo, marchi, loghi, marchi di servizio, testo, grafica, loghi, icone di pulsanti, immagini, clip audio \/ video, dati compilazioni e software, e la loro compilazione e organizzazione (collettivamente, il &#8220;Contenuto&#8221;) \u00e8 di propriet\u00e0 di \u201cExperience Amalfi Coast\u201d. \u00c8 vietata la riproduzione e l&#8217;utilizzo di uno di questi da parte dell&#8217;utente a meno che non venga fornita un&#8217;autorizzazione specifica da parte nostra. Qualsiasi uso non autorizzato potrebbe violare le leggi sul copyright, sui marchi, sulla privacy e le leggi sulla pubblicit\u00e0.<\/p>\n<p><span style=\"font-weight: bold;\"> Foto e video <\/span><br \/>\n&#8220;Experience Amalfi Coast&#8221; si riserva il diritto di utilizzare fotografie \/ video scattati durante i Servizi o in qualsiasi evento sponsorizzato da Experience Amalfi Coast senza ulteriore consenso o autorizzazione scritta di quelli inclusi nella fotografia \/ video. Possiamo utilizzare la fotografia \/ video in pubblicazioni o altro materiale multimediale prodotto, utilizzato o contratto da noi, inclusi ma non limitati a: brochure, inviti, libri, giornali, riviste, televisione, siti Web, ecc. Per garantire la privacy di individui e bambini , gli individui non saranno identificati utilizzando nomi completi o informazioni di identificazione personale senza l&#8217;approvazione del soggetto fotografato, genitore o tutore legale. Se non desideri che la tua immagine venga registrata per la distribuzione, ti preghiamo di avvisarci all&#8217;indirizzo info@experienceamalficoast.com prima della prenotazione.<br \/>\nNon \u00e8 possibile utilizzare fotografie o video registrati durante i Servizi per scopi commerciali.<\/p>\n<p><span style=\"font-weight: bold;\"> La nostra responsabilit\u00e0 <\/span><br \/>\nI programmi del tour possono essere modificati per cause al di fuori del nostro controllo. La responsabilit\u00e0 dell&#8217;agenzia organizzatrice non pu\u00f2 in ogni caso essere superiore a quanto previsto dalla legge n. 1084 del 27\/12\/1977 su cui si basano le escursioni. L&#8217;agenzia organizzatrice declina ogni responsabilit\u00e0 per eventuali spese aggiuntive dovute a ritardi, scioperi, ostilit\u00e0 insurrezionali o illegalit\u00e0 ed eventuali atti di Autorit\u00e0. L&#8217;agente organizzatore declina ogni responsabilit\u00e0 per eventuali spese aggiuntive dovute a ritardi, scioperi, ostilit\u00e0 insurrezionali o illegalit\u00e0 e qualsiasi atto di Autorit\u00e0. Per ogni atto di giurisdizione si applica la legge italiana.<br \/>\nLe guide che forniscono i servizi pubblicizzati su questo sito sono appaltatori indipendenti e non agenti o dipendenti di \u201cExperience Amalfi Coast\u201d. &#8220;Experience Amalfi Coast&#8221; non \u00e8 responsabile per atti, errori, omissioni, rappresentanza, garanzie, violazioni, negligenze o cattiva condotta di tale guida o per lesioni personali, morte, danni alla propriet\u00e0 o altri danni o spese che ne derivano o altrimenti derivanti dalla prenotazione del servizio o dall&#8217;uso del servizio.<br \/>\nPrenotando i nostri Servizi, rilasci espressamente Experience Amalfi Coast da qualsiasi pretesa di danno derivante da una causa al di fuori del nostro controllo, inclusi, a titolo esemplificativo, guasti di apparecchiature elettroniche o meccaniche o linee di comunicazione, dispositivi di accesso, telefono o altri problemi di interconnessione, virus informatici, accesso non autorizzato, furto , errori dell&#8217;operatore, condizioni meteorologiche avverse, terremoti o disastri naturali, scioperi o altri problemi di lavoro, guerra, terrorismo, cyberterrorismo, epidemie, pandemie o ordini o restrizioni governative.<\/p>\n<p>In caso di domande relative ai presenti Termini di servizio, inviare un&#8217;e-mail a info@experienceamalficoast.com[\/vc_column_text][\/vc_column][\/vc_row]<\/p>\n<\/div>","protected":false},"excerpt":{"rendered":"<p>[vc_row][vc_column][vc_column_text] Termini e condizioni Si prega di rivedere i seguenti termini di servizio (i &#8220;Termini di servizio&#8221;), che regoleranno la registrazione e l&#8217;utilizzo del sito web Experience Amalfi Coast www.experienceamalficoast.com (il &#8220;Sito&#8221;), inclusi tutti i contenuti e servizi forniti da Experience Amalfi Coast (&#8220;Experience Amalfi Coast&#8221;, &#8220;noi&#8221;, &#8220;noi&#8221; o &#8220;nostro&#8221;) sul o in congiunzione con [&hellip;]<\/p>\n","protected":false},"author":1,"featured_media":0,"parent":0,"menu_order":0,"comment_status":"closed","ping_status":"closed","template":"template-home-modern.php","meta":{"footnotes":""},"class_list":["post-221","page","type-page","status-publish","has-post-thumbnail","hentry"],"yoast_head":"<!-- This site is optimized with the Yoast SEO plugin v27.4 - https:\/\/yoast.com\/product\/yoast-seo-wordpress\/ -->\n<title>Termini e condizioni &#8226; Experience Amalfi Coast<\/title>\n<meta name=\"description\" content=\"termini e condizioni vacanze in Costiera Amalfitana Italia per prenotazioni tour, escursioni pi\u00f9 giorni con hotel incluso\" \/>\n<meta name=\"robots\" content=\"index, follow, max-snippet:-1, max-image-preview:large, max-video-preview:-1\" \/>\n<link rel=\"canonical\" href=\"https:\/\/experience.amalfiweb.com\/it\/termini-e-condizioni\/\" \/>\n<meta property=\"og:locale\" content=\"it_IT\" \/>\n<meta property=\"og:type\" content=\"article\" \/>\n<meta property=\"og:title\" content=\"Termini e condizioni &#8226; Experience Amalfi Coast\" \/>\n<meta property=\"og:description\" content=\"termini e condizioni vacanze in Costiera Amalfitana Italia per prenotazioni tour, escursioni pi\u00f9 giorni con hotel incluso\" \/>\n<meta property=\"og:url\" content=\"https:\/\/experience.amalfiweb.com\/it\/termini-e-condizioni\/\" \/>\n<meta property=\"og:site_name\" content=\"Experience Amalfi Coast\" \/>\n<meta property=\"article:publisher\" content=\"https:\/\/www.facebook.com\/experienceamalficoast.italy\" \/>\n<meta property=\"article:modified_time\" content=\"2023-03-18T16:57:35+00:00\" \/>\n<meta name=\"twitter:card\" content=\"summary_large_image\" \/>\n<meta name=\"twitter:label1\" content=\"Tempo di lettura stimato\" \/>\n\t<meta name=\"twitter:data1\" content=\"12 minuti\" \/>\n<script type=\"application\/ld+json\" class=\"yoast-schema-graph\">{\"@context\":\"https:\\\/\\\/schema.org\",\"@graph\":[{\"@type\":\"WebPage\",\"@id\":\"https:\\\/\\\/experience.amalfiweb.com\\\/it\\\/termini-e-condizioni\\\/\",\"url\":\"https:\\\/\\\/experience.amalfiweb.com\\\/it\\\/termini-e-condizioni\\\/\",\"name\":\"Termini e condizioni &#8226; Experience Amalfi Coast\",\"isPartOf\":{\"@id\":\"https:\\\/\\\/experience.amalfiweb.com\\\/it\\\/#website\"},\"datePublished\":\"2020-04-05T16:24:05+00:00\",\"dateModified\":\"2023-03-18T16:57:35+00:00\",\"description\":\"termini e condizioni vacanze in Costiera Amalfitana Italia per prenotazioni tour, escursioni pi\u00f9 giorni con hotel incluso\",\"breadcrumb\":{\"@id\":\"https:\\\/\\\/experience.amalfiweb.com\\\/it\\\/termini-e-condizioni\\\/#breadcrumb\"},\"inLanguage\":\"it-IT\",\"potentialAction\":[{\"@type\":\"ReadAction\",\"target\":[\"https:\\\/\\\/experience.amalfiweb.com\\\/it\\\/termini-e-condizioni\\\/\"]}]},{\"@type\":\"BreadcrumbList\",\"@id\":\"https:\\\/\\\/experience.amalfiweb.com\\\/it\\\/termini-e-condizioni\\\/#breadcrumb\",\"itemListElement\":[{\"@type\":\"ListItem\",\"position\":1,\"name\":\"Home\",\"item\":\"https:\\\/\\\/experience.amalfiweb.com\\\/it\\\/\"},{\"@type\":\"ListItem\",\"position\":2,\"name\":\"Termini e condizioni\"}]},{\"@type\":\"WebSite\",\"@id\":\"https:\\\/\\\/experience.amalfiweb.com\\\/it\\\/#website\",\"url\":\"https:\\\/\\\/experience.amalfiweb.com\\\/it\\\/\",\"name\":\"Experience Amalfi Coast\",\"description\":\"Live like a local\",\"potentialAction\":[{\"@type\":\"SearchAction\",\"target\":{\"@type\":\"EntryPoint\",\"urlTemplate\":\"https:\\\/\\\/experience.amalfiweb.com\\\/it\\\/?s={search_term_string}\"},\"query-input\":{\"@type\":\"PropertyValueSpecification\",\"valueRequired\":true,\"valueName\":\"search_term_string\"}}],\"inLanguage\":\"it-IT\"}]}<\/script>\n<!-- \/ Yoast SEO plugin. -->","yoast_head_json":{"title":"Termini e condizioni &#8226; Experience Amalfi Coast","description":"termini e condizioni vacanze in Costiera Amalfitana Italia per prenotazioni tour, escursioni pi\u00f9 giorni con hotel incluso","robots":{"index":"index","follow":"follow","max-snippet":"max-snippet:-1","max-image-preview":"max-image-preview:large","max-video-preview":"max-video-preview:-1"},"canonical":"https:\/\/experience.amalfiweb.com\/it\/termini-e-condizioni\/","og_locale":"it_IT","og_type":"article","og_title":"Termini e condizioni &#8226; Experience Amalfi Coast","og_description":"termini e condizioni vacanze in Costiera Amalfitana Italia per prenotazioni tour, escursioni pi\u00f9 giorni con hotel incluso","og_url":"https:\/\/experience.amalfiweb.com\/it\/termini-e-condizioni\/","og_site_name":"Experience Amalfi Coast","article_publisher":"https:\/\/www.facebook.com\/experienceamalficoast.italy","article_modified_time":"2023-03-18T16:57:35+00:00","twitter_card":"summary_large_image","twitter_misc":{"Tempo di lettura stimato":"12 minuti"},"schema":{"@context":"https:\/\/schema.org","@graph":[{"@type":"WebPage","@id":"https:\/\/experience.amalfiweb.com\/it\/termini-e-condizioni\/","url":"https:\/\/experience.amalfiweb.com\/it\/termini-e-condizioni\/","name":"Termini e condizioni &#8226; Experience Amalfi Coast","isPartOf":{"@id":"https:\/\/experience.amalfiweb.com\/it\/#website"},"datePublished":"2020-04-05T16:24:05+00:00","dateModified":"2023-03-18T16:57:35+00:00","description":"termini e condizioni vacanze in Costiera Amalfitana Italia per prenotazioni tour, escursioni pi\u00f9 giorni con hotel incluso","breadcrumb":{"@id":"https:\/\/experience.amalfiweb.com\/it\/termini-e-condizioni\/#breadcrumb"},"inLanguage":"it-IT","potentialAction":[{"@type":"ReadAction","target":["https:\/\/experience.amalfiweb.com\/it\/termini-e-condizioni\/"]}]},{"@type":"BreadcrumbList","@id":"https:\/\/experience.amalfiweb.com\/it\/termini-e-condizioni\/#breadcrumb","itemListElement":[{"@type":"ListItem","position":1,"name":"Home","item":"https:\/\/experience.amalfiweb.com\/it\/"},{"@type":"ListItem","position":2,"name":"Termini e condizioni"}]},{"@type":"WebSite","@id":"https:\/\/experience.amalfiweb.com\/it\/#website","url":"https:\/\/experience.amalfiweb.com\/it\/","name":"Experience Amalfi Coast","description":"Live like a local","potentialAction":[{"@type":"SearchAction","target":{"@type":"EntryPoint","urlTemplate":"https:\/\/experience.amalfiweb.com\/it\/?s={search_term_string}"},"query-input":{"@type":"PropertyValueSpecification","valueRequired":true,"valueName":"search_term_string"}}],"inLanguage":"it-IT"}]}},"_links":{"self":[{"href":"https:\/\/experience.amalfiweb.com\/it\/wp-json\/wp\/v2\/pages\/221","targetHints":{"allow":["GET"]}}],"collection":[{"href":"https:\/\/experience.amalfiweb.com\/it\/wp-json\/wp\/v2\/pages"}],"about":[{"href":"https:\/\/experience.amalfiweb.com\/it\/wp-json\/wp\/v2\/types\/page"}],"author":[{"embeddable":true,"href":"https:\/\/experience.amalfiweb.com\/it\/wp-json\/wp\/v2\/users\/1"}],"replies":[{"embeddable":true,"href":"https:\/\/experience.amalfiweb.com\/it\/wp-json\/wp\/v2\/comments?post=221"}],"version-history":[{"count":9,"href":"https:\/\/experience.amalfiweb.com\/it\/wp-json\/wp\/v2\/pages\/221\/revisions"}],"predecessor-version":[{"id":3045,"href":"https:\/\/experience.amalfiweb.com\/it\/wp-json\/wp\/v2\/pages\/221\/revisions\/3045"}],"wp:attachment":[{"href":"https:\/\/experience.amalfiweb.com\/it\/wp-json\/wp\/v2\/media?parent=221"}],"curies":[{"name":"wp","href":"https:\/\/api.w.org\/{rel}","templated":true}]}}